{"id":1279,"date":"2024-02-22T01:04:41","date_gmt":"2024-02-22T01:04:41","guid":{"rendered":"https:\/\/solomon.md\/?page_id=1279"},"modified":"2024-02-25T23:23:11","modified_gmt":"2024-02-25T23:23:11","slug":"manager-pe-achizitii-2","status":"publish","type":"page","link":"https:\/\/solomon.md\/en\/cariere\/manager-pe-achizitii-2\/","title":{"rendered":"Purchasing Manager"},"content":{"rendered":"<div data-elementor-type=\"wp-page\" data-elementor-id=\"1279\" class=\"elementor elementor-1279\" data-elementor-post-type=\"page\">\n\t\t\t\t<div class=\"elementor-element elementor-element-84f12c3 e-flex e-con-boxed e-con e-parent\" data-id=\"84f12c3\" data-element_type=\"container\" data-settings=\"{&quot;background_background&quot;:&quot;classic&quot;,&quot;content_width&quot;:&quot;boxed&quot;}\" data-core-v316-plus=\"true\">\n\t\t\t\t\t<div class=\"e-con-inner\">\n\t\t\t\t<div class=\"elementor-element elementor-element-efbf187 elementor-widget elementor-widget-hub_fancy_heading\" data-id=\"efbf187\" data-element_type=\"widget\" data-widget_type=\"hub_fancy_heading.default\">\n\t\t\t\t<div class=\"elementor-widget-container\">\n\t\t\t\n\t\t<div id=\"ld-fancy-heading-69fa1a3eab512\" class=\"ld-fancy-heading pos-rel\">\n\t\t\t<h1 class=\"ld-fh-element d-inline-block pos-rel  elementor-heading-title lqd-highlight-classic lqd-highlight-grow-left h1\"  > Purchasing Manager<\/h1>\t\t<\/div>\n\n\t\t\t\t<\/div>\n\t\t\t\t<\/div>\n\t\t\t\t<div class=\"elementor-element elementor-element-1d119573 elementor-widget__width-initial elementor-widget elementor-widget-hub_fancy_heading\" data-id=\"1d119573\" data-element_type=\"widget\" data-widget_type=\"hub_fancy_heading.default\">\n\t\t\t\t<div class=\"elementor-widget-container\">\n\t\t\t\n\t\t<div id=\"ld-fancy-heading-69fa1a3eabbb5\" class=\"ld-fancy-heading pos-rel\">\n\t\t\t<p class=\"ld-fh-element d-inline-block pos-rel  lqd-highlight-classic lqd-highlight-grow-left p\"  > The construction company is expanding its purchasing management team.\n<\/p>\t\t<\/div>\n\n\t\t\t\t<\/div>\n\t\t\t\t<\/div>\n\t\t\t\t\t<\/div>\n\t\t\t\t<\/div>\n\t\t<div class=\"elementor-element elementor-element-23f9e2ba e-flex e-con-boxed e-con e-parent\" data-id=\"23f9e2ba\" data-element_type=\"container\" data-settings=\"{&quot;content_width&quot;:&quot;boxed&quot;}\" data-core-v316-plus=\"true\">\n\t\t\t\t\t<div class=\"e-con-inner\">\n\t\t\t\t<div class=\"elementor-element elementor-element-c4d15e3 elementor-widget elementor-widget-hub_fancy_heading\" data-id=\"c4d15e3\" data-element_type=\"widget\" data-widget_type=\"hub_fancy_heading.default\">\n\t\t\t\t<div class=\"elementor-widget-container\">\n\t\t\t\n\t\t<div id=\"ld-fancy-heading-69fa1a3eac70d\" class=\"ld-fancy-heading pos-rel\">\n\t\t\t<p class=\"ld-fh-element d-inline-block pos-rel  lqd-highlight-classic lqd-highlight-grow-left p\"  > Our company is in full development and we are looking to expand our team. If you are a person full of enthusiasm, with initiative, and open to new opportunities, we invite you to join our journey towards success.<\/p>\t\t<\/div>\n\n\t\t\t\t<\/div>\n\t\t\t\t<\/div>\n\t\t\t\t\t<\/div>\n\t\t\t\t<\/div>\n\t\t<div class=\"elementor-element elementor-element-f439ad0 e-flex e-con-boxed e-con e-parent\" data-id=\"f439ad0\" data-element_type=\"container\" data-settings=\"{&quot;background_background&quot;:&quot;classic&quot;,&quot;content_width&quot;:&quot;boxed&quot;}\" data-core-v316-plus=\"true\">\n\t\t\t\t\t<div class=\"e-con-inner\">\n\t\t<div class=\"elementor-element elementor-element-723fc43e e-con-full e-flex e-con e-child\" data-id=\"723fc43e\" data-element_type=\"container\" data-settings=\"{&quot;content_width&quot;:&quot;full&quot;}\">\n\t\t\t\t<div class=\"elementor-element elementor-element-36e2094b elementor-widget elementor-widget-hub_fancy_heading\" data-id=\"36e2094b\" data-element_type=\"widget\" data-widget_type=\"hub_fancy_heading.default\">\n\t\t\t\t<div class=\"elementor-widget-container\">\n\t\t\t\n\t\t<div id=\"ld-fancy-heading-69fa1a3ead41a\" class=\"ld-fancy-heading pos-rel\">\n\t\t\t<h3 class=\"ld-fh-element d-inline-block pos-rel  elementor-heading-title lqd-highlight-classic lqd-highlight-grow-left h3\"  > PURPOSE OF THE POSITION:<\/h3>\t\t<\/div>\n\n\t\t\t\t<\/div>\n\t\t\t\t<\/div>\n\t\t\t\t<div class=\"elementor-element elementor-element-1fb567c5 elementor-widget elementor-widget-text-editor\" data-id=\"1fb567c5\" data-element_type=\"widget\" data-widget_type=\"text-editor.default\">\n\t\t\t\t<div class=\"elementor-widget-container\">\n\t\t\t<style>\/*! elementor - v3.19.0 - 29-01-2024 *\/\n.elementor-widget-text-editor.elementor-drop-cap-view-stacked .elementor-drop-cap{background-color:#69727d;color:#fff}.elementor-widget-text-editor.elementor-drop-cap-view-framed .elementor-drop-cap{color:#69727d;border:3px solid;background-color:transparent}.elementor-widget-text-editor:not(.elementor-drop-cap-view-default) .elementor-drop-cap{margin-top:8px}.elementor-widget-text-editor:not(.elementor-drop-cap-view-default) .elementor-drop-cap-letter{width:1em;height:1em}.elementor-widget-text-editor .elementor-drop-cap{float:left;text-align:center;line-height:1;font-size:50px}.elementor-widget-text-editor .elementor-drop-cap-letter{display:inline-block}<\/style>\t\t\t\t<p>\u2013 to manage the company's purchasing activities<\/p>\t\t\t\t\t\t<\/div>\n\t\t\t\t<\/div>\n\t\t\t\t<\/div>\n\t\t<div class=\"elementor-element elementor-element-22448490 e-con-full e-flex e-con e-child\" data-id=\"22448490\" data-element_type=\"container\" data-settings=\"{&quot;content_width&quot;:&quot;full&quot;}\">\n\t\t\t\t<div class=\"elementor-element elementor-element-45579d1f elementor-widget elementor-widget-hub_fancy_heading\" data-id=\"45579d1f\" data-element_type=\"widget\" data-widget_type=\"hub_fancy_heading.default\">\n\t\t\t\t<div class=\"elementor-widget-container\">\n\t\t\t\n\t\t<div id=\"ld-fancy-heading-69fa1a3eae565\" class=\"ld-fancy-heading pos-rel\">\n\t\t\t<h3 class=\"ld-fh-element d-inline-block pos-rel  elementor-heading-title lqd-highlight-classic lqd-highlight-grow-left h3\"  > REPRESENTATIONAL RELATIONSHIPS:<\/h3>\t\t<\/div>\n\n\t\t\t\t<\/div>\n\t\t\t\t<\/div>\n\t\t\t\t<div class=\"elementor-element elementor-element-2ae27a6b elementor-widget elementor-widget-text-editor\" data-id=\"2ae27a6b\" data-element_type=\"widget\" data-widget_type=\"text-editor.default\">\n\t\t\t\t<div class=\"elementor-widget-container\">\n\t\t\t\t\t\t\t<p>Represents the firm in relationships with suppliers, clients, and domestic\/foreign organizations with whom it comes into contact in the course of business.<\/p>\t\t\t\t\t\t<\/div>\n\t\t\t\t<\/div>\n\t\t\t\t<\/div>\n\t\t<div class=\"elementor-element elementor-element-6c5a351b e-con-full e-flex e-con e-child\" data-id=\"6c5a351b\" data-element_type=\"container\" data-settings=\"{&quot;content_width&quot;:&quot;full&quot;}\">\n\t\t\t\t<div class=\"elementor-element elementor-element-5fbbaf65 elementor-widget elementor-widget-hub_fancy_heading\" data-id=\"5fbbaf65\" data-element_type=\"widget\" data-widget_type=\"hub_fancy_heading.default\">\n\t\t\t\t<div class=\"elementor-widget-container\">\n\t\t\t\n\t\t<div id=\"ld-fancy-heading-69fa1a3eaf46f\" class=\"ld-fancy-heading pos-rel\">\n\t\t\t<h3 class=\"ld-fh-element d-inline-block pos-rel  elementor-heading-title lqd-highlight-classic lqd-highlight-grow-left h3\"  > DUTIES:<\/h3>\t\t<\/div>\n\n\t\t\t\t<\/div>\n\t\t\t\t<\/div>\n\t\t\t\t<div class=\"elementor-element elementor-element-5c4eb70b elementor-widget elementor-widget-text-editor\" data-id=\"5c4eb70b\" data-element_type=\"widget\" data-widget_type=\"text-editor.default\">\n\t\t\t\t<div class=\"elementor-widget-container\">\n\t\t\t\t\t\t\t<ul><li>identifies supply needs in accordance with quantity lists prepared by the Chief Engineer and\/or Site Supervisors<\/li><li>negotiates purchase prices with suppliers, concludes contracts with them<\/li><li>takes necessary measures to ensure all orders are executed within budget and on time<\/li><li>recommends product selection<\/li><li>prepares and analyzes requests for quotations<\/li><li>supervises the execution of contracts<\/li><li>develops policies, procedures, and working tools needed for managing the company's purchasing activities<\/li><li>prepares reports on expenses at the company level and for each business direction<\/li><li>proposes improvements to procedures and working tools to reduce costs<\/li><li>organizes and participates in tenders<\/li><li>analyzes the market and delivery system to evaluate the current and future validity of products<\/li><li>establishes contacts and relationships with target suppliers and continuously monitors the emergence of new offers<\/li><li>prepares and monitors import supply orders<\/li><li>follows up on deliveries and ensures documentation for customs formalities<\/li><li>Constantly updates (monthly, weekly) the company's database regarding clients\/suppliers\/service providers\/qualified specialists<\/li><li>Updates (monthly, weekly) the prices of goods\/materials according to the quantity lists prepared by the Chief Engineer and\/or Site Supervisors, including previously contracted goods\/materials and services.<\/li><\/ul>\t\t\t\t\t\t<\/div>\n\t\t\t\t<\/div>\n\t\t\t\t<\/div>\n\t\t\t\t\t<\/div>\n\t\t\t\t<\/div>\n\t\t<div class=\"elementor-element elementor-element-1b3d7265 e-flex e-con-boxed e-con e-parent\" data-id=\"1b3d7265\" data-element_type=\"container\" data-settings=\"{&quot;content_width&quot;:&quot;boxed&quot;}\" data-core-v316-plus=\"true\">\n\t\t\t\t\t<div class=\"e-con-inner\">\n\t\t<div class=\"elementor-element elementor-element-6b0a19d0 e-con-full e-flex e-con e-child\" data-id=\"6b0a19d0\" data-element_type=\"container\" data-settings=\"{&quot;content_width&quot;:&quot;full&quot;}\">\n\t\t\t\t<div class=\"elementor-element elementor-element-50962c15 elementor-widget elementor-widget-ld_fancy_image\" data-id=\"50962c15\" data-element_type=\"widget\" data-widget_type=\"ld_fancy_image.default\">\n\t\t\t\t<div class=\"elementor-widget-container\">\n\t\t\t\n\t\t<div class=\"lqd-imggrp-single d-block pos-rel\">\n\t\t\t<div class=\"lqd-imggrp-img-container d-inline-flex pos-rel align-items-center justify-content-center\">\n\t\t\t\t\t\t\t\t<figure class=\"w-100 pos-rel\">\n\t\t\t\t\t<img fetchpriority=\"high\" decoding=\"async\" width=\"1000\" height=\"850\" src=\"https:\/\/solomon.md\/wp-content\/uploads\/2024\/02\/manager-achizitii-formular.jpg\" class=\"attachment-full size-full wp-image-2186\" alt=\"\" srcset=\"https:\/\/solomon.md\/wp-content\/uploads\/2024\/02\/manager-achizitii-formular.jpg 1000w, https:\/\/solomon.md\/wp-content\/uploads\/2024\/02\/manager-achizitii-formular-300x255.jpg 300w, https:\/\/solomon.md\/wp-content\/uploads\/2024\/02\/manager-achizitii-formular-14x12.jpg 14w\" sizes=\"(max-width: 1000px) 100vw, 1000px\" itemprop=\"image\" \/>\t\t\t\t\t\t\t\t\t\t\t\t\t\t\t\t\t\t\t\t\t\t\t\t\t\t\t\t\t<\/figure>\n\t\t\t<\/div>\n\t\t<\/div>\n\n\t\t\t<\/div>\n\t\t\t\t<\/div>\n\t\t\t\t<\/div>\n\t\t<div class=\"elementor-element elementor-element-37ab4442 e-con-full e-flex e-con e-child\" data-id=\"37ab4442\" data-element_type=\"container\" data-settings=\"{&quot;content_width&quot;:&quot;full&quot;}\">\n\t\t\t\t<div class=\"elementor-element elementor-element-1b952566 elementor-widget elementor-widget-hub_fancy_heading\" data-id=\"1b952566\" data-element_type=\"widget\" data-widget_type=\"hub_fancy_heading.default\">\n\t\t\t\t<div class=\"elementor-widget-container\">\n\t\t\t\n\t\t<div id=\"ld-fancy-heading-69fa1a3eb1f25\" class=\"ld-fancy-heading pos-rel\">\n\t\t\t<h3 class=\"ld-fh-element d-inline-block pos-rel  elementor-heading-title lqd-highlight-classic lqd-highlight-grow-left h3\"  > Apply now:<\/h3>\t\t<\/div>\n\n\t\t\t\t<\/div>\n\t\t\t\t<\/div>\n\t\t\t\t<div class=\"elementor-element elementor-element-2e98461a elementor-widget elementor-widget-ld_cf722\" data-id=\"2e98461a\" data-element_type=\"widget\" data-widget_type=\"ld_cf722.default\">\n\t\t\t\t<div class=\"elementor-widget-container\">\n\t\t\t\n\t<div class=\"lqd-contact-form\">\n\t\t\n<div class=\"wpcf7 no-js\" id=\"wpcf7-f1133-o1\" lang=\"en-US\" dir=\"ltr\">\n<div class=\"screen-reader-response\"><p role=\"status\" aria-live=\"polite\" aria-atomic=\"true\"><\/p> <ul><\/ul><\/div>\n<form action=\"\/en\/wp-json\/wp\/v2\/pages\/1279#wpcf7-f1133-o1\" method=\"post\" class=\"wpcf7-form init\" aria-label=\"Contact form\" enctype=\"multipart\/form-data\" novalidate=\"novalidate\" data-status=\"init\" data-trp-original-action=\"\/en\/wp-json\/wp\/v2\/pages\/1279#wpcf7-f1133-o1\">\n<div style=\"display: none;\">\n<input type=\"hidden\" name=\"_wpcf7\" value=\"1133\" \/>\n<input type=\"hidden\" name=\"_wpcf7_version\" value=\"5.8.7\" \/>\n<input type=\"hidden\" name=\"_wpcf7_locale\" value=\"en_US\" \/>\n<input type=\"hidden\" name=\"_wpcf7_unit_tag\" value=\"wpcf7-f1133-o1\" \/>\n<input type=\"hidden\" name=\"_wpcf7_container_post\" value=\"0\" \/>\n<input type=\"hidden\" name=\"_wpcf7_posted_data_hash\" value=\"\" \/>\n<\/div>\n<p><span class=\"wpcf7-form-control-wrap\" data-name=\"your-name\"><input size=\"40\" class=\"wpcf7-form-control wpcf7-text wpcf7-validates-as-required job-apply\" aria-required=\"true\" aria-invalid=\"false\" placeholder=\"Full Name\" value=\"\" type=\"text\" name=\"your-name\" \/><\/span>\n<\/p>\n<p><span class=\"wpcf7-form-control-wrap\" data-name=\"your-phone\"><input size=\"40\" class=\"wpcf7-form-control wpcf7-text wpcf7-validates-as-required job-apply\" aria-required=\"true\" aria-invalid=\"false\" placeholder=\"Phone Number\" value=\"\" type=\"text\" name=\"your-phone\" \/><\/span>\n<\/p>\n<p><span class=\"wpcf7-form-control-wrap\" data-name=\"your-email\"><input size=\"40\" class=\"wpcf7-form-control wpcf7-email wpcf7-validates-as-required wpcf7-text wpcf7-validates-as-email job-apply\" aria-required=\"true\" aria-invalid=\"false\" placeholder=\"E-mail\" value=\"\" type=\"email\" name=\"your-email\" \/><\/span>\n<\/p>\n<div class=\"form-row\">\n\t<div class=\"column-half\">\n\t\t<p><span class=\"wpcf7-form-control-wrap\" data-name=\"file-431\"><input size=\"40\" class=\"wpcf7-form-control wpcf7-file wpcf7-validates-as-required your-file\" accept=\"audio\/*,video\/*,image\/*\" aria-required=\"true\" aria-invalid=\"false\" type=\"file\" name=\"file-431\" \/><\/span>\n\t\t<\/p>\n\t<\/div>\n\t<p><div id=\"cf7sr-69fa1a3eb38e6\" class=\"cf7sr-g-recaptcha\" data-theme=\"light\" data-type=\"image\" data-size=\"normal\" data-sitekey=\"6LedmVcrAAAAAPmUbxQia7-21B78gSfHlq05570o\"><\/div><span class=\"wpcf7-form-control-wrap cf7sr-recaptcha\" data-name=\"cf7sr-recaptcha\"><input type=\"hidden\" name=\"cf7sr-recaptcha\" value=\"\" class=\"wpcf7-form-control\"><\/span>\n\t<\/p>\n\t<div class=\"column-half\">\n\t\t<p><input class=\"wpcf7-form-control wpcf7-submit has-spinner\" type=\"submit\" value=\"SEND\" \/>\n\t\t<\/p>\n\t<\/div>\n<\/div><div class=\"wpcf7-response-output\" aria-hidden=\"true\"><\/div>\n<input type=\"hidden\" name=\"trp-form-language\" value=\"en\"\/><\/form>\n<\/div>\n\t<\/div>\n\n\t\t\t<\/div>\n\t\t\t\t<\/div>\n\t\t\t\t<\/div>\n\t\t\t\t\t<\/div>\n\t\t\t\t<\/div>\n\t\t<div class=\"elementor-element elementor-element-76fdc78b e-con-full e-flex e-con e-parent\" data-id=\"76fdc78b\" data-element_type=\"container\" data-settings=\"{&quot;content_width&quot;:&quot;full&quot;}\" data-core-v316-plus=\"true\">\n\t\t\t\t<div class=\"elementor-element elementor-element-209fa8 elementor-widget elementor-widget-ld_google_map\" data-id=\"209fa8\" data-element_type=\"widget\" data-widget_type=\"ld_google_map.default\">\n\t\t\t\t<div class=\"elementor-widget-container\">\n\t\t\t\n\t\t\t<div class=\"ld-gmap-container pos-rel\">\n\t\t\t\t<div class=\"ld-gmap h-100\" data-plugin-map=\"true\" data-plugin-options='{\"style\":\"classic\",\"address\":\"Stefan cel Mare si Sfant Boulevard 171\\\/3, Chi\\u0219in\\u0103u, Moldova\",\"marker_style\":\"default\",\"markers\":null,\"map\":{\"zoom\":16,\"mapTypeId\":\"roadmap\",\"zoomControl\":true}}'><\/div>\n\n\t\t\t\t\n\t\t\t\t<div class=\"ld-gmap-contents\">\n\n\t\t\t\t\t<style>.elementor-716 .elementor-element.elementor-element-6d312122{--display:flex;--gap:15px 15px;--background-transition:0.3s;--padding-block-start:0px;--padding-block-end:0px;--padding-inline-start:0px;--padding-inline-end:0px;}.elementor-716 .elementor-element.elementor-element-70924543 .ld-fh-element, .elementor-716 .elementor-element.elementor-element-70924543 .ld-fh-element a{color:var( --e-global-color-secondary );}.elementor-716 .elementor-element.elementor-element-70924543 .ld-fh-element{font-size:16px;font-weight:700;margin:0em 0em 0em 0em;}.elementor-716 .elementor-element.elementor-element-70924543 .lqd-highlight-inner{bottom:0em;left:0em;}.elementor-716 .elementor-element.elementor-element-2e8ecab2 .ld-fh-element, .elementor-716 .elementor-element.elementor-element-2e8ecab2 .ld-fh-element a{color:var( --e-global-color-secondary );}.elementor-716 .elementor-element.elementor-element-2e8ecab2 .ld-fh-element{font-size:14px;margin:0em 0em 0em 0em;}.elementor-716 .elementor-element.elementor-element-2e8ecab2 .lqd-highlight-inner{bottom:0em;left:0em;}.elementor-716 .elementor-element.elementor-element-864ad47{--display:flex;--flex-direction:row;--container-widget-width:initial;--container-widget-height:100%;--container-widget-flex-grow:1;--container-widget-align-self:stretch;--justify-content:space-between;--background-transition:0.3s;--padding-block-start:0px;--padding-block-end:0px;--padding-inline-start:0px;--padding-inline-end:0px;}.elementor-716 .elementor-element.elementor-element-2ba97bc4 .ld-fh-element, .elementor-716 .elementor-element.elementor-element-2ba97bc4 .ld-fh-element a{color:var( --e-global-color-secondary );}.elementor-716 .elementor-element.elementor-element-2ba97bc4 .ld-fh-element{font-size:14px;font-weight:500;margin:0em 0em 0em 0em;}.elementor-716 .elementor-element.elementor-element-2ba97bc4 .lqd-highlight-inner{bottom:0em;left:0em;}.elementor-716 .elementor-element.elementor-element-853a175 .elementor-icon-list-icon i{transition:color 0.3s;}.elementor-716 .elementor-element.elementor-element-853a175 .elementor-icon-list-icon svg{transition:fill 0.3s;}.elementor-716 .elementor-element.elementor-element-853a175{--e-icon-list-icon-size:34px;--icon-vertical-offset:0px;}.elementor-716 .elementor-element.elementor-element-853a175 .elementor-icon-list-item > .elementor-icon-list-text, .elementor-716 .elementor-element.elementor-element-853a175 .elementor-icon-list-item > a{font-size:10px;font-weight:500;}.elementor-716 .elementor-element.elementor-element-853a175 .elementor-icon-list-text{color:var( --e-global-color-secondary );transition:color 0.3s;}@media(min-width:768px){.elementor-716 .elementor-element.elementor-element-6d312122{--content-width:363px;}}<\/style>\t\t<div data-elementor-type=\"container\" data-elementor-id=\"716\" class=\"elementor elementor-716\" data-elementor-post-type=\"elementor_library\">\n\t\t\t\t<div class=\"elementor-element elementor-element-6d312122 e-flex e-con-boxed e-con e-child\" data-id=\"6d312122\" data-element_type=\"container\" data-settings=\"{&quot;content_width&quot;:&quot;boxed&quot;}\">\n\t\t\t\t\t<div class=\"e-con-inner\">\n\t\t\t\t<div class=\"elementor-element elementor-element-70924543 elementor-widget elementor-widget-hub_fancy_heading\" data-id=\"70924543\" data-element_type=\"widget\" data-widget_type=\"hub_fancy_heading.default\">\n\t\t\t\t<div class=\"elementor-widget-container\">\n\t\t\t\n\t\t<div id=\"ld-fancy-heading-69fa1a3ec3252\" class=\"ld-fancy-heading pos-rel\">\n\t\t\t<h4 class=\"ld-fh-element d-inline-block pos-rel  elementor-heading-title lqd-highlight-classic lqd-highlight-grow-left h4\"  > Solomon Construct<\/h4>\t\t<\/div>\n\n\t\t\t\t<\/div>\n\t\t\t\t<\/div>\n\t\t\t\t<div class=\"elementor-element elementor-element-2e8ecab2 elementor-widget elementor-widget-hub_fancy_heading\" data-id=\"2e8ecab2\" data-element_type=\"widget\" data-widget_type=\"hub_fancy_heading.default\">\n\t\t\t\t<div class=\"elementor-widget-container\">\n\t\t\t\n\t\t<div id=\"ld-fancy-heading-69fa1a3ec3a00\" class=\"ld-fancy-heading pos-rel\">\n\t\t\t<p class=\"ld-fh-element d-inline-block pos-rel  lqd-highlight-classic lqd-highlight-grow-left p\"  > mun. Chisinau, Stefan cel Mare si Sfant Blvd, 171\/3<\/p>\t\t<\/div>\n\n\t\t\t\t<\/div>\n\t\t\t\t<\/div>\n\t\t<div class=\"elementor-element elementor-element-864ad47 e-flex e-con-boxed e-con e-child\" data-id=\"864ad47\" data-element_type=\"container\" data-settings=\"{&quot;content_width&quot;:&quot;boxed&quot;}\">\n\t\t\t\t\t<div class=\"e-con-inner\">\n\t\t\t\t<div class=\"elementor-element elementor-element-2ba97bc4 elementor-widget elementor-widget-hub_fancy_heading\" data-id=\"2ba97bc4\" data-element_type=\"widget\" data-widget_type=\"hub_fancy_heading.default\">\n\t\t\t\t<div class=\"elementor-widget-container\">\n\t\t\t\n\t\t<div id=\"ld-fancy-heading-69fa1a3ec45ce\" class=\"ld-fancy-heading pos-rel\">\n\t\t\t<p class=\"ld-fh-element d-inline-block pos-rel  lqd-highlight-classic lqd-highlight-grow-left p\"  > Monday-Friday: 9:00 AM - 6:00 PM<\/br>\nSaturday: 9:00 AM - 12:00 PM<\/p>\t\t<\/div>\n\n\t\t\t\t<\/div>\n\t\t\t\t<\/div>\n\t\t\t\t<div class=\"elementor-element elementor-element-853a175 elementor-icon-list--layout-traditional elementor-list-item-link-full_width elementor-widget elementor-widget-icon-list\" data-id=\"853a175\" data-element_type=\"widget\" data-widget_type=\"icon-list.default\">\n\t\t\t\t<div class=\"elementor-widget-container\">\n\t\t\t<link rel=\"stylesheet\" href=\"https:\/\/solomon.md\/wp-content\/plugins\/elementor\/assets\/css\/widget-icon-list.min.css\">\t\t<ul class=\"elementor-icon-list-items\">\n\t\t\t\t\t\t\t<li class=\"elementor-icon-list-item\">\n\t\t\t\t\t\t\t\t\t\t\t<a href=\"https:\/\/maps.app.goo.gl\/EFinbVAj2oZCG9Pw8\" target=\"_blank\" rel=\"nofollow\">\n\n\t\t\t\t\t\t\t\t\t\t\t\t<span class=\"elementor-icon-list-icon\">\n\t\t\t\t\t\t\t<svg xmlns=\"http:\/\/www.w3.org\/2000\/svg\" width=\"33\" height=\"33\" viewbox=\"0 0 33 33\" fill=\"none\"><circle cx=\"16.5\" cy=\"16.5\" r=\"16.5\" fill=\"#FF6600\"><\/circle><path d=\"M12.25 21C12.25 21.4142 12.5858 21.75 13 21.75C13.4142 21.75 13.75 21.4142 13.75 21H12.25ZM13 15V14.25H12.25V15H13ZM24.5303 15.5303C24.8232 15.2374 24.8232 14.7626 24.5303 14.4697L19.7574 9.6967C19.4645 9.40381 18.9896 9.40381 18.6967 9.6967C18.4038 9.98959 18.4038 10.4645 18.6967 10.7574L22.9393 15L18.6967 19.2426C18.4038 19.5355 18.4038 20.0104 18.6967 20.3033C18.9896 20.5962 19.4645 20.5962 19.7574 20.3033L24.5303 15.5303ZM13.75 21V15H12.25V21H13.75ZM13 15.75H24V14.25H13V15.75Z\" fill=\"#FCFCFC\"><\/path><\/svg>\t\t\t\t\t\t<\/span>\n\t\t\t\t\t\t\t\t\t\t<span class=\"elementor-icon-list-text\">See on map<\/span>\n\t\t\t\t\t\t\t\t\t\t\t<\/a>\n\t\t\t\t\t\t\t\t\t<\/li>\n\t\t\t\t\t\t<\/ul>\n\t\t\t\t<\/div>\n\t\t\t\t<\/div>\n\t\t\t\t\t<\/div>\n\t\t\t\t<\/div>\n\t\t\t\t\t<\/div>\n\t\t\t\t<\/div>\n\t\t\t\t<\/div>\n\t\t\t\t\t\t\n\t\t\t<\/div>\n\n\t\t\t\t<\/div>\n\t\t\t\t<\/div>\n\t\t\t\t<\/div>\n\t\t\t\t<\/div>","protected":false},"excerpt":{"rendered":"<p>Manager pe achizi\u021bii Compania de construc\u021bii \u00ee\u0219i m\u0103re\u0219te echipa de manageri pe achizi\u021bii Compania noastr\u0103 este \u00een plin proces de dezvoltare \u0219i c\u0103ut\u0103m s\u0103 ne l\u0103rgim echipa. Dac\u0103 e\u0219ti o persoan\u0103 plin\u0103 de entuziasm, cu spirit de ini\u021biativ\u0103 \u0219i deschis\u0103 la noi oportunit\u0103\u021bi, te invit\u0103m s\u0103 te al\u0103turi parcursului nostru spre succes. SCOPUL POSTULUI: &#8211; [&hellip;]<\/p>","protected":false},"author":1,"featured_media":0,"parent":997,"menu_order":0,"comment_status":"closed","ping_status":"closed","template":"","meta":{"footnotes":""},"class_list":["post-1279","page","type-page","status-publish","hentry"],"_links":{"self":[{"href":"https:\/\/solomon.md\/en\/wp-json\/wp\/v2\/pages\/1279","targetHints":{"allow":["GET"]}}],"collection":[{"href":"https:\/\/solomon.md\/en\/wp-json\/wp\/v2\/pages"}],"about":[{"href":"https:\/\/solomon.md\/en\/wp-json\/wp\/v2\/types\/page"}],"author":[{"embeddable":true,"href":"https:\/\/solomon.md\/en\/wp-json\/wp\/v2\/users\/1"}],"replies":[{"embeddable":true,"href":"https:\/\/solomon.md\/en\/wp-json\/wp\/v2\/comments?post=1279"}],"version-history":[{"count":16,"href":"https:\/\/solomon.md\/en\/wp-json\/wp\/v2\/pages\/1279\/revisions"}],"predecessor-version":[{"id":2366,"href":"https:\/\/solomon.md\/en\/wp-json\/wp\/v2\/pages\/1279\/revisions\/2366"}],"up":[{"embeddable":true,"href":"https:\/\/solomon.md\/en\/wp-json\/wp\/v2\/pages\/997"}],"wp:attachment":[{"href":"https:\/\/solomon.md\/en\/wp-json\/wp\/v2\/media?parent=1279"}],"curies":[{"name":"wp","href":"https:\/\/api.w.org\/{rel}","templated":true}]}}