{"id":8430,"date":"2025-07-18T10:25:10","date_gmt":"2025-07-18T10:25:10","guid":{"rendered":"https:\/\/solomon.md\/?page_id=8430"},"modified":"2025-07-18T10:27:54","modified_gmt":"2025-07-18T10:27:54","slug":"soferi-de-camion-basculant","status":"publish","type":"page","link":"https:\/\/solomon.md\/ru\/cariere\/soferi-de-camion-basculant\/","title":{"rendered":"\u0218OFERI DE CAMION BASCULANT"},"content":{"rendered":"<div data-elementor-type=\"wp-page\" data-elementor-id=\"8430\" class=\"elementor elementor-8430\" data-elementor-post-type=\"page\">\n\t\t\t\t<div class=\"elementor-element elementor-element-563905b5 e-flex e-con-boxed e-con e-parent\" data-id=\"563905b5\" data-element_type=\"container\" data-settings=\"{&quot;background_background&quot;:&quot;classic&quot;,&quot;content_width&quot;:&quot;boxed&quot;}\" data-core-v316-plus=\"true\">\n\t\t\t\t\t<div class=\"e-con-inner\">\n\t\t\t\t<div class=\"elementor-element elementor-element-2fdb2ceb elementor-widget elementor-widget-hub_fancy_heading\" data-id=\"2fdb2ceb\" data-element_type=\"widget\" data-widget_type=\"hub_fancy_heading.default\">\n\t\t\t\t<div class=\"elementor-widget-container\">\n\t\t\t\n\t\t<div id=\"ld-fancy-heading-69fa0bc2db39a\" class=\"ld-fancy-heading pos-rel\">\n\t\t\t<h1 class=\"ld-fh-element d-inline-block pos-rel  elementor-heading-title lqd-highlight-classic lqd-highlight-grow-left h1\"  > Angaj\u0103m 2 \u0218OFERI DE CAMION BASCULANT!<\/h1>\t\t<\/div>\n\n\t\t\t\t<\/div>\n\t\t\t\t<\/div>\n\t\t\t\t<div class=\"elementor-element elementor-element-79ec3a1a elementor-widget__width-initial elementor-widget elementor-widget-hub_fancy_heading\" data-id=\"79ec3a1a\" data-element_type=\"widget\" data-widget_type=\"hub_fancy_heading.default\">\n\t\t\t\t<div class=\"elementor-widget-container\">\n\t\t\t\n\t\t<div id=\"ld-fancy-heading-69fa0bc2dbc63\" class=\"ld-fancy-heading pos-rel\">\n\t\t\t<p class=\"ld-fh-element d-inline-block pos-rel  lqd-highlight-classic lqd-highlight-grow-left p\"  > Te al\u0103turi unei echipe \u00een plin\u0103 dezvoltare, cu proiecte serioase \u0219i echipamente moderne<\/p>\t\t<\/div>\n\n\t\t\t\t<\/div>\n\t\t\t\t<\/div>\n\t\t\t\t\t<\/div>\n\t\t\t\t<\/div>\n\t\t<div class=\"elementor-element elementor-element-5d7dd652 e-flex e-con-boxed e-con e-parent\" data-id=\"5d7dd652\" data-element_type=\"container\" data-settings=\"{&quot;content_width&quot;:&quot;boxed&quot;}\" data-core-v316-plus=\"true\">\n\t\t\t\t\t<div class=\"e-con-inner\">\n\t\t\t\t<div class=\"elementor-element elementor-element-3fc88b1a elementor-widget elementor-widget-hub_fancy_heading\" data-id=\"3fc88b1a\" data-element_type=\"widget\" data-widget_type=\"hub_fancy_heading.default\">\n\t\t\t\t<div class=\"elementor-widget-container\">\n\t\t\t\n\t\t<div id=\"ld-fancy-heading-69fa0bc2dc85c\" class=\"ld-fancy-heading pos-rel\">\n\t\t\t<p class=\"ld-fh-element d-inline-block pos-rel  lqd-highlight-classic lqd-highlight-grow-left p\"  > \u041d\u0430\u0448\u0430 \u043a\u043e\u043c\u043f\u0430\u043d\u0438\u044f \u0430\u043a\u0442\u0438\u0432\u043d\u043e \u0440\u0430\u0437\u0432\u0438\u0432\u0430\u0435\u0442\u0441\u044f, \u0438 \u043c\u044b \u0438\u0449\u0435\u043c \u0432\u043e\u0437\u043c\u043e\u0436\u043d\u043e\u0441\u0442\u044c \u0440\u0430\u0441\u0448\u0438\u0440\u0438\u0442\u044c \u043d\u0430\u0448\u0443 \u043a\u043e\u043c\u0430\u043d\u0434\u0443. \u0415\u0441\u043b\u0438 \u0432\u044b \u0447\u0435\u043b\u043e\u0432\u0435\u043a, \u043f\u043e\u043b\u043d\u044b\u0439 \u044d\u043d\u0442\u0443\u0437\u0438\u0430\u0437\u043c\u0430, \u0441 \u0438\u043d\u0438\u0446\u0438\u0430\u0442\u0438\u0432\u043e\u0439 \u0438 \u043e\u0442\u043a\u0440\u044b\u0442\u044b\u0439 \u043a \u043d\u043e\u0432\u044b\u043c \u0432\u043e\u0437\u043c\u043e\u0436\u043d\u043e\u0441\u0442\u044f\u043c, \u043c\u044b \u043f\u0440\u0438\u0433\u043b\u0430\u0448\u0430\u0435\u043c \u0432\u0430\u0441 \u043f\u0440\u0438\u0441\u043e\u0435\u0434\u0438\u043d\u0438\u0442\u044c\u0441\u044f \u043a \u043d\u0430\u0448\u0435\u043c\u0443 \u043f\u0443\u0442\u0438 \u043a \u0443\u0441\u043f\u0435\u0445\u0443.<\/p>\t\t<\/div>\n\n\t\t\t\t<\/div>\n\t\t\t\t<\/div>\n\t\t\t\t\t<\/div>\n\t\t\t\t<\/div>\n\t\t<div class=\"elementor-element elementor-element-29d4f65d e-flex e-con-boxed e-con e-parent\" data-id=\"29d4f65d\" data-element_type=\"container\" data-settings=\"{&quot;background_background&quot;:&quot;classic&quot;,&quot;content_width&quot;:&quot;boxed&quot;}\" data-core-v316-plus=\"true\">\n\t\t\t\t\t<div class=\"e-con-inner\">\n\t\t<div class=\"elementor-element elementor-element-1b5ec717 e-con-full e-flex e-con e-child\" data-id=\"1b5ec717\" data-element_type=\"container\" data-settings=\"{&quot;content_width&quot;:&quot;full&quot;}\">\n\t\t\t\t<div class=\"elementor-element elementor-element-6c6263bd elementor-widget elementor-widget-hub_fancy_heading\" data-id=\"6c6263bd\" data-element_type=\"widget\" data-widget_type=\"hub_fancy_heading.default\">\n\t\t\t\t<div class=\"elementor-widget-container\">\n\t\t\t\n\t\t<div id=\"ld-fancy-heading-69fa0bc2dd5be\" class=\"ld-fancy-heading pos-rel\">\n\t\t\t<h3 class=\"ld-fh-element d-inline-block pos-rel  elementor-heading-title lqd-highlight-classic lqd-highlight-grow-left h3\"  > \u0426\u0415\u041b\u042c \u0414\u041e\u041b\u0416\u041d\u041e\u0421\u0422\u0418:<\/h3>\t\t<\/div>\n\n\t\t\t\t<\/div>\n\t\t\t\t<\/div>\n\t\t\t\t<div class=\"elementor-element elementor-element-5048cfc elementor-widget elementor-widget-text-editor\" data-id=\"5048cfc\" data-element_type=\"widget\" data-widget_type=\"text-editor.default\">\n\t\t\t\t<div class=\"elementor-widget-container\">\n\t\t\t<style>\/*! elementor - v3.19.0 - 29-01-2024 *\/\n.elementor-widget-text-editor.elementor-drop-cap-view-stacked .elementor-drop-cap{background-color:#69727d;color:#fff}.elementor-widget-text-editor.elementor-drop-cap-view-framed .elementor-drop-cap{color:#69727d;border:3px solid;background-color:transparent}.elementor-widget-text-editor:not(.elementor-drop-cap-view-default) .elementor-drop-cap{margin-top:8px}.elementor-widget-text-editor:not(.elementor-drop-cap-view-default) .elementor-drop-cap-letter{width:1em;height:1em}.elementor-widget-text-editor .elementor-drop-cap{float:left;text-align:center;line-height:1;font-size:50px}.elementor-widget-text-editor .elementor-drop-cap-letter{display:inline-block}<\/style>\t\t\t\t<p>Dac\u0103 ai experien\u021b\u0103 \u00een transport \u0219i operare cu bra\u021b hidraulic, locul t\u0103u e al\u0103turi de noi!<\/p>\t\t\t\t\t\t<\/div>\n\t\t\t\t<\/div>\n\t\t\t\t<\/div>\n\t\t<div class=\"elementor-element elementor-element-1771a0dc e-con-full e-flex e-con e-child\" data-id=\"1771a0dc\" data-element_type=\"container\" data-settings=\"{&quot;content_width&quot;:&quot;full&quot;}\">\n\t\t\t\t<div class=\"elementor-element elementor-element-496354ec elementor-widget elementor-widget-hub_fancy_heading\" data-id=\"496354ec\" data-element_type=\"widget\" data-widget_type=\"hub_fancy_heading.default\">\n\t\t\t\t<div class=\"elementor-widget-container\">\n\t\t\t\n\t\t<div id=\"ld-fancy-heading-69fa0bc2de826\" class=\"ld-fancy-heading pos-rel\">\n\t\t\t<h3 class=\"ld-fh-element d-inline-block pos-rel  elementor-heading-title lqd-highlight-classic lqd-highlight-grow-left h3\"  > \u041f\u0420\u0415\u0414\u0421\u0422\u0410\u0412\u0418\u0422\u0415\u041b\u042c\u0421\u041a\u0418\u0415 \u041e\u0422\u041d\u041e\u0428\u0415\u041d\u0418\u042f:<\/h3>\t\t<\/div>\n\n\t\t\t\t<\/div>\n\t\t\t\t<\/div>\n\t\t\t\t<div class=\"elementor-element elementor-element-14014d19 elementor-widget elementor-widget-text-editor\" data-id=\"14014d19\" data-element_type=\"widget\" data-widget_type=\"text-editor.default\">\n\t\t\t\t<div class=\"elementor-widget-container\">\n\t\t\t\t\t\t\t<p>Pentru postul de <strong data-start=\"17\" data-end=\"46\">\u0219ofer de camion basculant<\/strong>, cerin\u021bele sunt \u00een general axate pe experien\u021b\u0103, permisul necesar \u0219i responsabilitate.<\/p>\t\t\t\t\t\t<\/div>\n\t\t\t\t<\/div>\n\t\t\t\t<\/div>\n\t\t<div class=\"elementor-element elementor-element-2c256bea e-con-full e-flex e-con e-child\" data-id=\"2c256bea\" data-element_type=\"container\" data-settings=\"{&quot;content_width&quot;:&quot;full&quot;}\">\n\t\t\t\t<div class=\"elementor-element elementor-element-379f87d4 elementor-widget elementor-widget-hub_fancy_heading\" data-id=\"379f87d4\" data-element_type=\"widget\" data-widget_type=\"hub_fancy_heading.default\">\n\t\t\t\t<div class=\"elementor-widget-container\">\n\t\t\t\n\t\t<div id=\"ld-fancy-heading-69fa0bc2df7e5\" class=\"ld-fancy-heading pos-rel\">\n\t\t\t<h3 class=\"ld-fh-element d-inline-block pos-rel  elementor-heading-title lqd-highlight-classic lqd-highlight-grow-left h3\"  > \u041e\u0411\u042f\u0417\u0410\u041d\u041d\u041e\u0421\u0422\u0418:<\/h3>\t\t<\/div>\n\n\t\t\t\t<\/div>\n\t\t\t\t<\/div>\n\t\t\t\t<div class=\"elementor-element elementor-element-4661076a elementor-widget elementor-widget-text-editor\" data-id=\"4661076a\" data-element_type=\"widget\" data-widget_type=\"text-editor.default\">\n\t\t\t\t<div class=\"elementor-widget-container\">\n\t\t\t\t\t\t\t<ul><li data-start=\"202\" data-end=\"278\"><p data-start=\"205\" data-end=\"278\"><strong data-start=\"205\" data-end=\"240\">Permis de conducere categoria C<\/strong><br data-start=\"240\" data-end=\"243\" \/>\u2013 Pentru camioane de mare tonaj.<\/p><\/li><li data-start=\"280\" data-end=\"441\"><p data-start=\"283\" data-end=\"441\"><strong data-start=\"283\" data-end=\"331\">Experien\u021b\u0103 anterioar\u0103 ca \u0219ofer de basculant\u0103<\/strong><br data-start=\"331\" data-end=\"334\" \/>\u2013 Minim 1-2 ani (sau \u00een func\u021bie de proiect, poate fi acceptat\u0103 \u0219i experien\u021b\u0103 mai scurt\u0103, dar relevant\u0103).<\/p><\/li><li data-start=\"443\" data-end=\"564\"><p data-start=\"446\" data-end=\"564\"><strong data-start=\"446\" data-end=\"491\">Cuno\u0219tin\u021be de \u00eentre\u021binere tehnic\u0103 de baz\u0103<\/strong><br data-start=\"491\" data-end=\"494\" \/>\u2013 Verific\u0103ri zilnice, raportare defec\u021biuni, \u00eentre\u021binere preventiv\u0103.<\/p><\/li><li data-start=\"566\" data-end=\"713\"><p data-start=\"569\" data-end=\"713\"><strong data-start=\"569\" data-end=\"615\">Aptitudini de lucru \u00een \u0219antier\/construc\u021bii<\/strong><br data-start=\"615\" data-end=\"618\" \/>\u2013 Navigarea \u00een spa\u021bii \u00eenguste, desc\u0103rcarea controlat\u0103 a materialelor (balast, pietri\u0219 etc.).<\/p><\/li><li data-start=\"715\" data-end=\"834\"><p data-start=\"718\" data-end=\"834\"><strong data-start=\"718\" data-end=\"791\">Disciplina \u0219i respectarea normelor de circula\u021bie \u0219i siguran\u021b\u0103 rutier\u0103<\/strong><br data-start=\"791\" data-end=\"794\" \/>\u2013 Inclusiv \u00een perimetrul \u0219antierelor.<\/p><\/li><\/ul>\t\t\t\t\t\t<\/div>\n\t\t\t\t<\/div>\n\t\t\t\t<\/div>\n\t\t\t\t\t<\/div>\n\t\t\t\t<\/div>\n\t\t<div class=\"elementor-element elementor-element-59729666 e-flex e-con-boxed e-con e-parent\" data-id=\"59729666\" data-element_type=\"container\" data-settings=\"{&quot;content_width&quot;:&quot;boxed&quot;}\" data-core-v316-plus=\"true\">\n\t\t\t\t\t<div class=\"e-con-inner\">\n\t\t<div class=\"elementor-element elementor-element-75f53aa4 e-con-full e-flex e-con e-child\" data-id=\"75f53aa4\" data-element_type=\"container\" data-settings=\"{&quot;content_width&quot;:&quot;full&quot;}\">\n\t\t\t\t<div class=\"elementor-element elementor-element-32606e56 elementor-widget elementor-widget-ld_fancy_image\" data-id=\"32606e56\" data-element_type=\"widget\" data-widget_type=\"ld_fancy_image.default\">\n\t\t\t\t<div class=\"elementor-widget-container\">\n\t\t\t\n\t\t<div class=\"lqd-imggrp-single d-block pos-rel\">\n\t\t\t<div class=\"lqd-imggrp-img-container d-inline-flex pos-rel align-items-center justify-content-center\">\n\t\t\t\t\t\t\t\t<figure class=\"w-100 pos-rel\">\n\t\t\t\t\t<img fetchpriority=\"high\" decoding=\"async\" width=\"1536\" height=\"1024\" src=\"https:\/\/solomon.md\/wp-content\/uploads\/2025\/07\/ChatGPT-Image-18-iul.-2025-11_53_46.png\" class=\"attachment-full size-full wp-image-8431\" alt=\"\" srcset=\"https:\/\/solomon.md\/wp-content\/uploads\/2025\/07\/ChatGPT-Image-18-iul.-2025-11_53_46.png 1536w, https:\/\/solomon.md\/wp-content\/uploads\/2025\/07\/ChatGPT-Image-18-iul.-2025-11_53_46-300x200.png 300w, https:\/\/solomon.md\/wp-content\/uploads\/2025\/07\/ChatGPT-Image-18-iul.-2025-11_53_46-1024x683.png 1024w, https:\/\/solomon.md\/wp-content\/uploads\/2025\/07\/ChatGPT-Image-18-iul.-2025-11_53_46-18x12.png 18w, https:\/\/solomon.md\/wp-content\/uploads\/2025\/07\/ChatGPT-Image-18-iul.-2025-11_53_46-720x480.png 720w\" sizes=\"(max-width: 1536px) 100vw, 1536px\" itemprop=\"image\" \/>\t\t\t\t\t\t\t\t\t\t\t\t\t\t\t\t\t\t\t\t\t\t\t\t\t\t\t\t\t<\/figure>\n\t\t\t<\/div>\n\t\t<\/div>\n\n\t\t\t<\/div>\n\t\t\t\t<\/div>\n\t\t\t\t<\/div>\n\t\t<div class=\"elementor-element elementor-element-6f92e134 e-con-full e-flex e-con e-child\" data-id=\"6f92e134\" data-element_type=\"container\" data-settings=\"{&quot;content_width&quot;:&quot;full&quot;}\">\n\t\t\t\t<div class=\"elementor-element elementor-element-7405fa09 elementor-widget elementor-widget-hub_fancy_heading\" data-id=\"7405fa09\" data-element_type=\"widget\" data-widget_type=\"hub_fancy_heading.default\">\n\t\t\t\t<div class=\"elementor-widget-container\">\n\t\t\t\n\t\t<div id=\"ld-fancy-heading-69fa0bc2e267c\" class=\"ld-fancy-heading pos-rel\">\n\t\t\t<h3 class=\"ld-fh-element d-inline-block pos-rel  elementor-heading-title lqd-highlight-classic lqd-highlight-grow-left h3\"  > \u041f\u043e\u0434\u0430\u0442\u044c \u0437\u0430\u044f\u0432\u043a\u0443:<\/h3>\t\t<\/div>\n\n\t\t\t\t<\/div>\n\t\t\t\t<\/div>\n\t\t\t\t<div class=\"elementor-element elementor-element-58090c01 elementor-widget elementor-widget-ld_cf722\" data-id=\"58090c01\" data-element_type=\"widget\" data-widget_type=\"ld_cf722.default\">\n\t\t\t\t<div class=\"elementor-widget-container\">\n\t\t\t\n\t<div class=\"lqd-contact-form\">\n\t\t\n<div class=\"wpcf7 no-js\" id=\"wpcf7-f1133-o1\" lang=\"en-US\" dir=\"ltr\">\n<div class=\"screen-reader-response\"><p role=\"status\" aria-live=\"polite\" aria-atomic=\"true\"><\/p> <ul><\/ul><\/div>\n<form action=\"\/ru\/wp-json\/wp\/v2\/pages\/8430#wpcf7-f1133-o1\" method=\"post\" class=\"wpcf7-form init\" aria-label=\"Contact form\" enctype=\"multipart\/form-data\" novalidate=\"novalidate\" data-status=\"init\" data-trp-original-action=\"\/ru\/wp-json\/wp\/v2\/pages\/8430#wpcf7-f1133-o1\">\n<div style=\"display: none;\">\n<input type=\"hidden\" name=\"_wpcf7\" value=\"1133\" \/>\n<input type=\"hidden\" name=\"_wpcf7_version\" value=\"5.8.7\" \/>\n<input type=\"hidden\" name=\"_wpcf7_locale\" value=\"en_US\" \/>\n<input type=\"hidden\" name=\"_wpcf7_unit_tag\" value=\"wpcf7-f1133-o1\" \/>\n<input type=\"hidden\" name=\"_wpcf7_container_post\" value=\"0\" \/>\n<input type=\"hidden\" name=\"_wpcf7_posted_data_hash\" value=\"\" \/>\n<\/div>\n<p><span class=\"wpcf7-form-control-wrap\" data-name=\"your-name\"><input size=\"40\" class=\"wpcf7-form-control wpcf7-text wpcf7-validates-as-required job-apply\" aria-required=\"true\" aria-invalid=\"false\" placeholder=\"\u0418\u043c\u044f \u0424\u0430\u043c\u0438\u043b\u0438\u044f\" value=\"\" type=\"text\" name=\"your-name\" \/><\/span>\n<\/p>\n<p><span class=\"wpcf7-form-control-wrap\" data-name=\"your-phone\"><input size=\"40\" class=\"wpcf7-form-control wpcf7-text wpcf7-validates-as-required job-apply\" aria-required=\"true\" aria-invalid=\"false\" placeholder=\"\u041d\u043e\u043c\u0435\u0440 \u0442\u0435\u043b\u0435\u0444\u043e\u043d\u0430\" value=\"\" type=\"text\" name=\"your-phone\" \/><\/span>\n<\/p>\n<p><span class=\"wpcf7-form-control-wrap\" data-name=\"your-email\"><input size=\"40\" class=\"wpcf7-form-control wpcf7-email wpcf7-validates-as-required wpcf7-text wpcf7-validates-as-email job-apply\" aria-required=\"true\" aria-invalid=\"false\" placeholder=\"\u041f\u043e\u0447\u0442\u0430\" value=\"\" type=\"email\" name=\"your-email\" \/><\/span>\n<\/p>\n<div class=\"form-row\">\n\t<div class=\"column-half\">\n\t\t<p><span class=\"wpcf7-form-control-wrap\" data-name=\"file-431\"><input size=\"40\" class=\"wpcf7-form-control wpcf7-file wpcf7-validates-as-required your-file\" accept=\"audio\/*,video\/*,image\/*\" aria-required=\"true\" aria-invalid=\"false\" type=\"file\" name=\"file-431\" \/><\/span>\n\t\t<\/p>\n\t<\/div>\n\t<p><div id=\"cf7sr-69fa0bc2e4e3b\" class=\"cf7sr-g-recaptcha\" data-theme=\"light\" data-type=\"image\" data-size=\"normal\" data-sitekey=\"6LedmVcrAAAAAPmUbxQia7-21B78gSfHlq05570o\"><\/div><span class=\"wpcf7-form-control-wrap cf7sr-recaptcha\" data-name=\"cf7sr-recaptcha\"><input type=\"hidden\" name=\"cf7sr-recaptcha\" value=\"\" class=\"wpcf7-form-control\"><\/span>\n\t<\/p>\n\t<div class=\"column-half\">\n\t\t<p><input class=\"wpcf7-form-control wpcf7-submit has-spinner\" type=\"submit\" value=\"\u041e\u0422\u041f\u0420\u0410\u0412\u0418\u0422\u042c\" \/>\n\t\t<\/p>\n\t<\/div>\n<\/div><div class=\"wpcf7-response-output\" aria-hidden=\"true\"><\/div>\n<input type=\"hidden\" name=\"trp-form-language\" value=\"ru\"\/><\/form>\n<\/div>\n\t<\/div>\n\n\t\t\t<\/div>\n\t\t\t\t<\/div>\n\t\t\t\t<\/div>\n\t\t\t\t\t<\/div>\n\t\t\t\t<\/div>\n\t\t<div class=\"elementor-element elementor-element-3c79dd97 e-con-full e-flex e-con e-parent\" data-id=\"3c79dd97\" data-element_type=\"container\" data-settings=\"{&quot;content_width&quot;:&quot;full&quot;}\" data-core-v316-plus=\"true\">\n\t\t\t\t<div class=\"elementor-element elementor-element-13f01560 elementor-widget elementor-widget-ld_google_map\" data-id=\"13f01560\" data-element_type=\"widget\" data-widget_type=\"ld_google_map.default\">\n\t\t\t\t<div class=\"elementor-widget-container\">\n\t\t\t\n\t\t\t<div class=\"ld-gmap-container pos-rel\">\n\t\t\t\t<div class=\"ld-gmap h-100\" data-plugin-map=\"true\" data-plugin-options='{\"style\":\"classic\",\"address\":\"Stefan cel Mare si Sfant Boulevard 171\\\/3, Chi\\u0219in\\u0103u, Moldova\",\"marker_style\":\"default\",\"markers\":null,\"map\":{\"zoom\":16,\"mapTypeId\":\"roadmap\",\"zoomControl\":true}}'><\/div>\n\n\t\t\t\t\n\t\t\t\t<div class=\"ld-gmap-contents\">\n\n\t\t\t\t\t<style>.elementor-716 .elementor-element.elementor-element-6d312122{--display:flex;--gap:15px 15px;--background-transition:0.3s;--padding-block-start:0px;--padding-block-end:0px;--padding-inline-start:0px;--padding-inline-end:0px;}.elementor-716 .elementor-element.elementor-element-70924543 .ld-fh-element, .elementor-716 .elementor-element.elementor-element-70924543 .ld-fh-element a{color:var( --e-global-color-secondary );}.elementor-716 .elementor-element.elementor-element-70924543 .ld-fh-element{font-size:16px;font-weight:700;margin:0em 0em 0em 0em;}.elementor-716 .elementor-element.elementor-element-70924543 .lqd-highlight-inner{bottom:0em;left:0em;}.elementor-716 .elementor-element.elementor-element-2e8ecab2 .ld-fh-element, .elementor-716 .elementor-element.elementor-element-2e8ecab2 .ld-fh-element a{color:var( --e-global-color-secondary );}.elementor-716 .elementor-element.elementor-element-2e8ecab2 .ld-fh-element{font-size:14px;margin:0em 0em 0em 0em;}.elementor-716 .elementor-element.elementor-element-2e8ecab2 .lqd-highlight-inner{bottom:0em;left:0em;}.elementor-716 .elementor-element.elementor-element-864ad47{--display:flex;--flex-direction:row;--container-widget-width:initial;--container-widget-height:100%;--container-widget-flex-grow:1;--container-widget-align-self:stretch;--justify-content:space-between;--background-transition:0.3s;--padding-block-start:0px;--padding-block-end:0px;--padding-inline-start:0px;--padding-inline-end:0px;}.elementor-716 .elementor-element.elementor-element-2ba97bc4 .ld-fh-element, .elementor-716 .elementor-element.elementor-element-2ba97bc4 .ld-fh-element a{color:var( --e-global-color-secondary );}.elementor-716 .elementor-element.elementor-element-2ba97bc4 .ld-fh-element{font-size:14px;font-weight:500;margin:0em 0em 0em 0em;}.elementor-716 .elementor-element.elementor-element-2ba97bc4 .lqd-highlight-inner{bottom:0em;left:0em;}.elementor-716 .elementor-element.elementor-element-853a175 .elementor-icon-list-icon i{transition:color 0.3s;}.elementor-716 .elementor-element.elementor-element-853a175 .elementor-icon-list-icon svg{transition:fill 0.3s;}.elementor-716 .elementor-element.elementor-element-853a175{--e-icon-list-icon-size:34px;--icon-vertical-offset:0px;}.elementor-716 .elementor-element.elementor-element-853a175 .elementor-icon-list-item > .elementor-icon-list-text, .elementor-716 .elementor-element.elementor-element-853a175 .elementor-icon-list-item > a{font-size:10px;font-weight:500;}.elementor-716 .elementor-element.elementor-element-853a175 .elementor-icon-list-text{color:var( --e-global-color-secondary );transition:color 0.3s;}@media(min-width:768px){.elementor-716 .elementor-element.elementor-element-6d312122{--content-width:363px;}}<\/style>\t\t<div data-elementor-type=\"container\" data-elementor-id=\"716\" class=\"elementor elementor-716\" data-elementor-post-type=\"elementor_library\">\n\t\t\t\t<div class=\"elementor-element elementor-element-6d312122 e-flex e-con-boxed e-con e-child\" data-id=\"6d312122\" data-element_type=\"container\" data-settings=\"{&quot;content_width&quot;:&quot;boxed&quot;}\">\n\t\t\t\t\t<div class=\"e-con-inner\">\n\t\t\t\t<div class=\"elementor-element elementor-element-70924543 elementor-widget elementor-widget-hub_fancy_heading\" data-id=\"70924543\" data-element_type=\"widget\" data-widget_type=\"hub_fancy_heading.default\">\n\t\t\t\t<div class=\"elementor-widget-container\">\n\t\t\t\n\t\t<div id=\"ld-fancy-heading-69fa0bc302cbe\" class=\"ld-fancy-heading pos-rel\">\n\t\t\t<h4 class=\"ld-fh-element d-inline-block pos-rel  elementor-heading-title lqd-highlight-classic lqd-highlight-grow-left h4\"  > Solomon Construct<\/h4>\t\t<\/div>\n\n\t\t\t\t<\/div>\n\t\t\t\t<\/div>\n\t\t\t\t<div class=\"elementor-element elementor-element-2e8ecab2 elementor-widget elementor-widget-hub_fancy_heading\" data-id=\"2e8ecab2\" data-element_type=\"widget\" data-widget_type=\"hub_fancy_heading.default\">\n\t\t\t\t<div class=\"elementor-widget-container\">\n\t\t\t\n\t\t<div id=\"ld-fancy-heading-69fa0bc303448\" class=\"ld-fancy-heading pos-rel\">\n\t\t\t<p class=\"ld-fh-element d-inline-block pos-rel  lqd-highlight-classic lqd-highlight-grow-left p\"  > \u043c\u0443\u043d. \u041a\u0438\u0448\u0438\u043d\u0451\u0432, \u0431\u0443\u043b. \u0428\u0442\u0435\u0444\u0430\u043d \u0447\u0435\u043b \u041c\u0430\u0440\u0435 \u0448\u0438 \u0421\u0444\u044b\u043d\u0442, 171\/3<\/p>\t\t<\/div>\n\n\t\t\t\t<\/div>\n\t\t\t\t<\/div>\n\t\t<div class=\"elementor-element elementor-element-864ad47 e-flex e-con-boxed e-con e-child\" data-id=\"864ad47\" data-element_type=\"container\" data-settings=\"{&quot;content_width&quot;:&quot;boxed&quot;}\">\n\t\t\t\t\t<div class=\"e-con-inner\">\n\t\t\t\t<div class=\"elementor-element elementor-element-2ba97bc4 elementor-widget elementor-widget-hub_fancy_heading\" data-id=\"2ba97bc4\" data-element_type=\"widget\" data-widget_type=\"hub_fancy_heading.default\">\n\t\t\t\t<div class=\"elementor-widget-container\">\n\t\t\t\n\t\t<div id=\"ld-fancy-heading-69fa0bc3040b8\" class=\"ld-fancy-heading pos-rel\">\n\t\t\t<p class=\"ld-fh-element d-inline-block pos-rel  lqd-highlight-classic lqd-highlight-grow-left p\"  > \u041f\u043d.-\u041f\u0442: 9:00 - 18:00<\/br>\n\u0421\u0443\u0431\u0431\u043e\u0442\u0430: 9:00 - 12:00<\/p>\t\t<\/div>\n\n\t\t\t\t<\/div>\n\t\t\t\t<\/div>\n\t\t\t\t<div class=\"elementor-element elementor-element-853a175 elementor-icon-list--layout-traditional elementor-list-item-link-full_width elementor-widget elementor-widget-icon-list\" data-id=\"853a175\" data-element_type=\"widget\" data-widget_type=\"icon-list.default\">\n\t\t\t\t<div class=\"elementor-widget-container\">\n\t\t\t<link rel=\"stylesheet\" href=\"https:\/\/solomon.md\/wp-content\/plugins\/elementor\/assets\/css\/widget-icon-list.min.css\">\t\t<ul class=\"elementor-icon-list-items\">\n\t\t\t\t\t\t\t<li class=\"elementor-icon-list-item\">\n\t\t\t\t\t\t\t\t\t\t\t<a href=\"https:\/\/maps.app.goo.gl\/EFinbVAj2oZCG9Pw8\" target=\"_blank\" rel=\"nofollow\">\n\n\t\t\t\t\t\t\t\t\t\t\t\t<span class=\"elementor-icon-list-icon\">\n\t\t\t\t\t\t\t<svg xmlns=\"http:\/\/www.w3.org\/2000\/svg\" width=\"33\" height=\"33\" viewbox=\"0 0 33 33\" fill=\"none\"><circle cx=\"16.5\" cy=\"16.5\" r=\"16.5\" fill=\"#FF6600\"><\/circle><path d=\"M12.25 21C12.25 21.4142 12.5858 21.75 13 21.75C13.4142 21.75 13.75 21.4142 13.75 21H12.25ZM13 15V14.25H12.25V15H13ZM24.5303 15.5303C24.8232 15.2374 24.8232 14.7626 24.5303 14.4697L19.7574 9.6967C19.4645 9.40381 18.9896 9.40381 18.6967 9.6967C18.4038 9.98959 18.4038 10.4645 18.6967 10.7574L22.9393 15L18.6967 19.2426C18.4038 19.5355 18.4038 20.0104 18.6967 20.3033C18.9896 20.5962 19.4645 20.5962 19.7574 20.3033L24.5303 15.5303ZM13.75 21V15H12.25V21H13.75ZM13 15.75H24V14.25H13V15.75Z\" fill=\"#FCFCFC\"><\/path><\/svg>\t\t\t\t\t\t<\/span>\n\t\t\t\t\t\t\t\t\t\t<span class=\"elementor-icon-list-text\">\u0421\u043c\u043e\u0442\u0440\u0435\u0442\u044c \u043d\u0430 \u043a\u0430\u0440\u0442\u0435<\/span>\n\t\t\t\t\t\t\t\t\t\t\t<\/a>\n\t\t\t\t\t\t\t\t\t<\/li>\n\t\t\t\t\t\t<\/ul>\n\t\t\t\t<\/div>\n\t\t\t\t<\/div>\n\t\t\t\t\t<\/div>\n\t\t\t\t<\/div>\n\t\t\t\t\t<\/div>\n\t\t\t\t<\/div>\n\t\t\t\t<\/div>\n\t\t\t\t\t\t\n\t\t\t<\/div>\n\n\t\t\t\t<\/div>\n\t\t\t\t<\/div>\n\t\t\t\t<\/div>\n\t\t\t\t<\/div>","protected":false},"excerpt":{"rendered":"<p>Angaj\u0103m 2 \u0218OFERI DE CAMION BASCULANT! Te al\u0103turi unei echipe \u00een plin\u0103 dezvoltare, cu proiecte serioase \u0219i echipamente moderne Compania noastr\u0103 este \u00een plin proces de dezvoltare \u0219i c\u0103ut\u0103m s\u0103 ne l\u0103rgim echipa. Dac\u0103 e\u0219ti o persoan\u0103 plin\u0103 de entuziasm, cu spirit de ini\u021biativ\u0103 \u0219i deschis\u0103 la noi oportunit\u0103\u021bi, te invit\u0103m s\u0103 te al\u0103turi parcursului [&hellip;]<\/p>","protected":false},"author":3,"featured_media":0,"parent":997,"menu_order":0,"comment_status":"closed","ping_status":"closed","template":"","meta":{"footnotes":""},"class_list":["post-8430","page","type-page","status-publish","hentry"],"_links":{"self":[{"href":"https:\/\/solomon.md\/ru\/wp-json\/wp\/v2\/pages\/8430","targetHints":{"allow":["GET"]}}],"collection":[{"href":"https:\/\/solomon.md\/ru\/wp-json\/wp\/v2\/pages"}],"about":[{"href":"https:\/\/solomon.md\/ru\/wp-json\/wp\/v2\/types\/page"}],"author":[{"embeddable":true,"href":"https:\/\/solomon.md\/ru\/wp-json\/wp\/v2\/users\/3"}],"replies":[{"embeddable":true,"href":"https:\/\/solomon.md\/ru\/wp-json\/wp\/v2\/comments?post=8430"}],"version-history":[{"count":4,"href":"https:\/\/solomon.md\/ru\/wp-json\/wp\/v2\/pages\/8430\/revisions"}],"predecessor-version":[{"id":8435,"href":"https:\/\/solomon.md\/ru\/wp-json\/wp\/v2\/pages\/8430\/revisions\/8435"}],"up":[{"embeddable":true,"href":"https:\/\/solomon.md\/ru\/wp-json\/wp\/v2\/pages\/997"}],"wp:attachment":[{"href":"https:\/\/solomon.md\/ru\/wp-json\/wp\/v2\/media?parent=8430"}],"curies":[{"name":"wp","href":"https:\/\/api.w.org\/{rel}","templated":true}]}}